{"id":3814,"date":"2023-10-20T19:21:35","date_gmt":"2023-10-20T19:21:35","guid":{"rendered":"https:\/\/salina-cruz.gob.mx\/?page_id=3814"},"modified":"2024-01-10T01:01:26","modified_gmt":"2024-01-10T01:01:26","slug":"licitacion-publica","status":"publish","type":"page","link":"https:\/\/salina-cruz.gob.mx\/2022-2024\/licitacion-publica\/","title":{"rendered":"Licitacion p\u00fablica"},"content":{"rendered":"<h2 style=\"text-align: center;\"><strong>LICITACI\u00d3N P\u00daBLICA<\/strong><\/h2>\n<p>&nbsp;<\/p>\n<p>&nbsp;<\/p>\n<table class=\"default\">\n<tbody>\n<tr>\n<th style=\"text-align: center;\">NO. CONTROL INTERNO<\/th>\n<th style=\"text-align: center;\">FECHA DE CONVOCATORIA<\/th>\n<th style=\"text-align: center;\">NO. PROCEDIMIENTO<\/th>\n<th style=\"text-align: center;\">OBJETO DEL PROCEDIMIENTO<\/th>\n<th style=\"text-align: center;\">CONVOCATORIA<\/th>\n<th style=\"text-align: center;\">BASES<\/th>\n<\/tr>\n<tr>\n<td style=\"text-align: center;\">1<\/td>\n<td style=\"text-align: center;\">15\/12\/2022<\/td>\n<td style=\"text-align: center;\">LPN\/MSC\/079\/002\/2022<\/td>\n<td style=\"text-align: center;\">ADQUISICI\u00d3N DE UN AUTOB\u00daS CON RAMPA PARA USUARIOS CON SILLAS DE RUEDAS, PARA EL DIF MUNICIPAL<\/td>\n<td style=\"text-align: center;\">PDF<\/td>\n<td style=\"text-align: center;\">PDF<\/td>\n<\/tr>\n<\/tbody>\n<\/table>\n","protected":false},"excerpt":{"rendered":"<p>LICITACI\u00d3N P\u00daBLICA &nbsp; &nbsp; NO. CONTROL INTERNO FECHA DE CONVOCATORIA NO. PROCEDIMIENTO OBJETO DEL PROCEDIMIENTO CONVOCATORIA BASES 1 15\/12\/2022 LPN\/MSC\/079\/002\/2022 ADQUISICI\u00d3N DE UN AUTOB\u00daS CON RAMPA PARA USUARIOS CON SILLAS DE RUEDAS, PARA EL DIF MUNICIPAL PDF PDF<\/p>\n","protected":false},"author":1,"featured_media":0,"parent":0,"menu_order":0,"comment_status":"closed","ping_status":"closed","template":"","meta":{"footnotes":""},"class_list":["post-3814","page","type-page","status-publish","hentry","description-off"],"yoast_head":"<!-- This site is optimized with the Yoast SEO plugin v27.5 - https:\/\/yoast.com\/product\/yoast-seo-wordpress\/ -->\n<title>Licitacion p\u00fablica - Municipio de Salina Cruz 2022-2024<\/title>\n<meta name=\"robots\" content=\"index, follow, max-snippet:-1, max-image-preview:large, max-video-preview:-1\" \/>\n<link rel=\"canonical\" href=\"https:\/\/salina-cruz.gob.mx\/licitacion-publica\/\" \/>\n<meta property=\"og:locale\" content=\"es_ES\" \/>\n<meta property=\"og:type\" content=\"article\" \/>\n<meta property=\"og:title\" content=\"Licitacion p\u00fablica - Municipio de Salina Cruz 2022-2024\" \/>\n<meta property=\"og:description\" content=\"LICITACI\u00d3N P\u00daBLICA &nbsp; &nbsp; NO. CONTROL INTERNO FECHA DE CONVOCATORIA NO. PROCEDIMIENTO OBJETO DEL PROCEDIMIENTO CONVOCATORIA BASES 1 15\/12\/2022 LPN\/MSC\/079\/002\/2022 ADQUISICI\u00d3N DE UN AUTOB\u00daS CON RAMPA PARA USUARIOS CON SILLAS DE RUEDAS, PARA EL DIF MUNICIPAL PDF PDF\" \/>\n<meta property=\"og:url\" content=\"https:\/\/salina-cruz.gob.mx\/licitacion-publica\/\" \/>\n<meta property=\"og:site_name\" content=\"Municipio de Salina Cruz 2022-2024\" \/>\n<meta property=\"article:modified_time\" content=\"2024-01-10T01:01:26+00:00\" \/>\n<meta name=\"twitter:card\" content=\"summary_large_image\" \/>\n<meta name=\"twitter:label1\" content=\"Tiempo de lectura\" \/>\n\t<meta name=\"twitter:data1\" content=\"1 minuto\" \/>\n<script type=\"application\/ld+json\" class=\"yoast-schema-graph\">{\"@context\":\"https:\\\/\\\/schema.org\",\"@graph\":[{\"@type\":\"WebPage\",\"@id\":\"https:\\\/\\\/salina-cruz.gob.mx\\\/licitacion-publica\\\/\",\"url\":\"https:\\\/\\\/salina-cruz.gob.mx\\\/licitacion-publica\\\/\",\"name\":\"Licitacion p\u00fablica - Municipio de Salina Cruz 2022-2024\",\"isPartOf\":{\"@id\":\"https:\\\/\\\/salina-cruz.gob.mx\\\/#website\"},\"datePublished\":\"2023-10-20T19:21:35+00:00\",\"dateModified\":\"2024-01-10T01:01:26+00:00\",\"breadcrumb\":{\"@id\":\"https:\\\/\\\/salina-cruz.gob.mx\\\/licitacion-publica\\\/#breadcrumb\"},\"inLanguage\":\"es\",\"potentialAction\":[{\"@type\":\"ReadAction\",\"target\":[\"https:\\\/\\\/salina-cruz.gob.mx\\\/licitacion-publica\\\/\"]}]},{\"@type\":\"BreadcrumbList\",\"@id\":\"https:\\\/\\\/salina-cruz.gob.mx\\\/licitacion-publica\\\/#breadcrumb\",\"itemListElement\":[{\"@type\":\"ListItem\",\"position\":1,\"name\":\"Portada\",\"item\":\"https:\\\/\\\/salina-cruz.gob.mx\\\/\"},{\"@type\":\"ListItem\",\"position\":2,\"name\":\"Licitacion p\u00fablica\"}]},{\"@type\":\"WebSite\",\"@id\":\"https:\\\/\\\/salina-cruz.gob.mx\\\/#website\",\"url\":\"https:\\\/\\\/salina-cruz.gob.mx\\\/\",\"name\":\"Municipio de Salina Cruz 2022-2024\",\"description\":\"En unidad avanzamos\",\"publisher\":{\"@id\":\"https:\\\/\\\/salina-cruz.gob.mx\\\/#organization\"},\"potentialAction\":[{\"@type\":\"SearchAction\",\"target\":{\"@type\":\"EntryPoint\",\"urlTemplate\":\"https:\\\/\\\/salina-cruz.gob.mx\\\/?s={search_term_string}\"},\"query-input\":{\"@type\":\"PropertyValueSpecification\",\"valueRequired\":true,\"valueName\":\"search_term_string\"}}],\"inLanguage\":\"es\"},{\"@type\":\"Organization\",\"@id\":\"https:\\\/\\\/salina-cruz.gob.mx\\\/#organization\",\"name\":\"Municipio de Salina Cruz 2022-2024\",\"url\":\"https:\\\/\\\/salina-cruz.gob.mx\\\/\",\"logo\":{\"@type\":\"ImageObject\",\"inLanguage\":\"es\",\"@id\":\"https:\\\/\\\/salina-cruz.gob.mx\\\/#\\\/schema\\\/logo\\\/image\\\/\",\"url\":\"https:\\\/\\\/salina-cruz.gob.mx\\\/wp-content\\\/uploads\\\/2022\\\/03\\\/cropped-logoAdministracionSalinaCruz-2.png\",\"contentUrl\":\"https:\\\/\\\/salina-cruz.gob.mx\\\/wp-content\\\/uploads\\\/2022\\\/03\\\/cropped-logoAdministracionSalinaCruz-2.png\",\"width\":512,\"height\":512,\"caption\":\"Municipio de Salina Cruz 2022-2024\"},\"image\":{\"@id\":\"https:\\\/\\\/salina-cruz.gob.mx\\\/#\\\/schema\\\/logo\\\/image\\\/\"}}]}<\/script>\n<!-- \/ Yoast SEO plugin. -->","yoast_head_json":{"title":"Licitacion p\u00fablica - Municipio de Salina Cruz 2022-2024","robots":{"index":"index","follow":"follow","max-snippet":"max-snippet:-1","max-image-preview":"max-image-preview:large","max-video-preview":"max-video-preview:-1"},"canonical":"https:\/\/salina-cruz.gob.mx\/licitacion-publica\/","og_locale":"es_ES","og_type":"article","og_title":"Licitacion p\u00fablica - Municipio de Salina Cruz 2022-2024","og_description":"LICITACI\u00d3N P\u00daBLICA &nbsp; &nbsp; NO. CONTROL INTERNO FECHA DE CONVOCATORIA NO. PROCEDIMIENTO OBJETO DEL PROCEDIMIENTO CONVOCATORIA BASES 1 15\/12\/2022 LPN\/MSC\/079\/002\/2022 ADQUISICI\u00d3N DE UN AUTOB\u00daS CON RAMPA PARA USUARIOS CON SILLAS DE RUEDAS, PARA EL DIF MUNICIPAL PDF PDF","og_url":"https:\/\/salina-cruz.gob.mx\/licitacion-publica\/","og_site_name":"Municipio de Salina Cruz 2022-2024","article_modified_time":"2024-01-10T01:01:26+00:00","twitter_card":"summary_large_image","twitter_misc":{"Tiempo de lectura":"1 minuto"},"schema":{"@context":"https:\/\/schema.org","@graph":[{"@type":"WebPage","@id":"https:\/\/salina-cruz.gob.mx\/licitacion-publica\/","url":"https:\/\/salina-cruz.gob.mx\/licitacion-publica\/","name":"Licitacion p\u00fablica - Municipio de Salina Cruz 2022-2024","isPartOf":{"@id":"https:\/\/salina-cruz.gob.mx\/#website"},"datePublished":"2023-10-20T19:21:35+00:00","dateModified":"2024-01-10T01:01:26+00:00","breadcrumb":{"@id":"https:\/\/salina-cruz.gob.mx\/licitacion-publica\/#breadcrumb"},"inLanguage":"es","potentialAction":[{"@type":"ReadAction","target":["https:\/\/salina-cruz.gob.mx\/licitacion-publica\/"]}]},{"@type":"BreadcrumbList","@id":"https:\/\/salina-cruz.gob.mx\/licitacion-publica\/#breadcrumb","itemListElement":[{"@type":"ListItem","position":1,"name":"Portada","item":"https:\/\/salina-cruz.gob.mx\/"},{"@type":"ListItem","position":2,"name":"Licitacion p\u00fablica"}]},{"@type":"WebSite","@id":"https:\/\/salina-cruz.gob.mx\/#website","url":"https:\/\/salina-cruz.gob.mx\/","name":"Municipio de Salina Cruz 2022-2024","description":"En unidad avanzamos","publisher":{"@id":"https:\/\/salina-cruz.gob.mx\/#organization"},"potentialAction":[{"@type":"SearchAction","target":{"@type":"EntryPoint","urlTemplate":"https:\/\/salina-cruz.gob.mx\/?s={search_term_string}"},"query-input":{"@type":"PropertyValueSpecification","valueRequired":true,"valueName":"search_term_string"}}],"inLanguage":"es"},{"@type":"Organization","@id":"https:\/\/salina-cruz.gob.mx\/#organization","name":"Municipio de Salina Cruz 2022-2024","url":"https:\/\/salina-cruz.gob.mx\/","logo":{"@type":"ImageObject","inLanguage":"es","@id":"https:\/\/salina-cruz.gob.mx\/#\/schema\/logo\/image\/","url":"https:\/\/salina-cruz.gob.mx\/wp-content\/uploads\/2022\/03\/cropped-logoAdministracionSalinaCruz-2.png","contentUrl":"https:\/\/salina-cruz.gob.mx\/wp-content\/uploads\/2022\/03\/cropped-logoAdministracionSalinaCruz-2.png","width":512,"height":512,"caption":"Municipio de Salina Cruz 2022-2024"},"image":{"@id":"https:\/\/salina-cruz.gob.mx\/#\/schema\/logo\/image\/"}}]}},"jetpack_sharing_enabled":true,"rttpg_featured_image_url":null,"rttpg_author":{"display_name":"admin","author_link":"https:\/\/salina-cruz.gob.mx\/2022-2024\/author\/admin\/"},"rttpg_comment":0,"rttpg_category":null,"rttpg_excerpt":"LICITACI\u00d3N P\u00daBLICA &nbsp; &nbsp; NO. CONTROL INTERNO FECHA DE CONVOCATORIA NO. PROCEDIMIENTO OBJETO DEL PROCEDIMIENTO CONVOCATORIA BASES 1 15\/12\/2022 LPN\/MSC\/079\/002\/2022 ADQUISICI\u00d3N DE UN AUTOB\u00daS CON RAMPA PARA USUARIOS CON SILLAS DE RUEDAS, PARA EL DIF MUNICIPAL PDF PDF","_links":{"self":[{"href":"https:\/\/salina-cruz.gob.mx\/2022-2024\/wp-json\/wp\/v2\/pages\/3814","targetHints":{"allow":["GET"]}}],"collection":[{"href":"https:\/\/salina-cruz.gob.mx\/2022-2024\/wp-json\/wp\/v2\/pages"}],"about":[{"href":"https:\/\/salina-cruz.gob.mx\/2022-2024\/wp-json\/wp\/v2\/types\/page"}],"author":[{"embeddable":true,"href":"https:\/\/salina-cruz.gob.mx\/2022-2024\/wp-json\/wp\/v2\/users\/1"}],"replies":[{"embeddable":true,"href":"https:\/\/salina-cruz.gob.mx\/2022-2024\/wp-json\/wp\/v2\/comments?post=3814"}],"version-history":[{"count":4,"href":"https:\/\/salina-cruz.gob.mx\/2022-2024\/wp-json\/wp\/v2\/pages\/3814\/revisions"}],"predecessor-version":[{"id":4076,"href":"https:\/\/salina-cruz.gob.mx\/2022-2024\/wp-json\/wp\/v2\/pages\/3814\/revisions\/4076"}],"wp:attachment":[{"href":"https:\/\/salina-cruz.gob.mx\/2022-2024\/wp-json\/wp\/v2\/media?parent=3814"}],"curies":[{"name":"wp","href":"https:\/\/api.w.org\/{rel}","templated":true}]}}